{"id":46,"date":"2016-04-21T21:18:19","date_gmt":"2016-04-21T21:18:19","guid":{"rendered":"http:\/\/www.spwm.ch\/wp\/?page_id=46"},"modified":"2020-02-04T13:48:43","modified_gmt":"2020-02-04T13:48:43","slug":"impressum","status":"publish","type":"page","link":"https:\/\/www.spwm.ch\/wp\/impressum\/","title":{"rendered":"Impressum"},"content":{"rendered":"<p><\/p>\n<div class=\"impressum\">\n<h5 dir=\"ltr\"><span style=\"font-size: 16pt;\">Kontaktadresse<\/span><\/h5>\n<h6>SPW Management AG<br \/>\nBahnhofstrasse 43<br \/>\n8001 Z\u00fcrich<br \/>\nSchweiz<\/h6>\n<p>&nbsp;<\/p>\n<h5>Vertretungsberechtigte Personen<\/h5>\n<h6>Werner Spichtig<br \/>\nGesch\u00e4ftsf\u00fchrer<\/h6>\n<h6>Alexander Henzi<br \/>\nVerwaltungsratspr\u00e4sident<\/h6>\n<p>&nbsp;<\/p>\n<h5>Handelsregistereintrag<\/h5>\n<h6>Eingetragener Firmenname: SPW Management AG<br \/>\nNummer: CH-020.3.030.229-1<br \/>\nHandelsregisteramt: Z\u00fcrich<\/h6>\n<p>&nbsp;<\/p>\n<h5>Mehrwertsteuernummer<\/h5>\n<h6>CHE-113.183.519<\/h6>\n<p>&nbsp;<\/p>\n<h5>Haftungsausschluss<\/h5>\n<h6>Der Autor \u00fcbernimmt keinerlei Gew\u00e4hr hinsichtlich der inhaltlichen Richtigkeit, Genauigkeit, Aktualit\u00e4t, Zuverl\u00e4ssigkeit und Vollst\u00e4ndigkeit der Informationen.<\/h6>\n<h6>Haftungsanspr\u00fcche gegen den Autor wegen Sch\u00e4den materieller oder immaterieller Art, welche aus dem Zugriff oder der Nutzung bzw. Nichtnutzung der ver\u00f6ffentlichten Informationen, durch Missbrauch der Verbindung oder durch technische St\u00f6rungen entstanden sind, werden ausgeschlossen.<\/h6>\n<h6>Alle Angebote sind unverbindlich. Der Autor beh\u00e4lt es sich ausdr\u00fccklich vor, Teile der Seiten oder das gesamte Angebot ohne gesonderte Ank\u00fcndigung zu ver\u00e4ndern, zu erg\u00e4nzen, zu l\u00f6schen oder die Ver\u00f6ffentlichung zeitweise oder endg\u00fcltig einzustellen.<\/h6>\n<p>&nbsp;<\/p>\n<h5>Haftung f\u00fcr Links<\/h5>\n<h6>Verweise und Links auf Webseiten Dritter liegen ausserhalb unseres Verantwortungsbereichs Es wird jegliche Verantwortung f\u00fcr solche Webseiten abgelehnt. Der Zugriff und die Nutzung solcher Webseiten erfolgen auf eigene Gefahr des Nutzers oder der Nutzerin.<\/h6>\n<p>&nbsp;<\/p>\n<h5>Urheberrechte<\/h5>\n<h6>Die Urheber- und alle anderen Rechte an Inhalten, Bildern, Fotos oder anderen Dateien auf der Website geh\u00f6ren ausschliesslich <strong>der Firma SPW Management AG<\/strong> oder den speziell genannten Rechtsinhabern. F\u00fcr die Reproduktion jeglicher Elemente ist die schriftliche Zustimmung der Urheberrechtstr\u00e4ger im Voraus einzuholen.<\/h6>\n<p>&nbsp;<\/p>\n<h5>Datenschutz<\/h5>\n<h6>Gest\u00fctzt auf Artikel 13 der schweizerischen Bundesverfassung und die datenschutzrechtlichen Bestimmungen des Bundes (Datenschutzgesetz, DSG) hat jede Person Anspruch auf Schutz ihrer Privatsph\u00e4re sowie auf Schutz vor Missbrauch ihrer pers\u00f6nlichen Daten. Wir halten diese Bestimmungen ein. Pers\u00f6nliche Daten werden streng vertraulich behandelt und weder an Dritte verkauft noch weiter gegeben.<\/h6>\n<h6>In enger Zusammenarbeit mit unseren Hosting-Providern bem\u00fchen wir uns, die Datenbanken so gut wie m\u00f6glich vor fremden Zugriffen, Verlusten, Missbrauch oder vor F\u00e4lschung zu sch\u00fctzen.<\/h6>\n<h6>Beim Zugriff auf unsere Webseiten werden folgende Daten in Logfiles gespeichert: IP-Adresse, Datum, Uhrzeit, Browser-Anfrage und allg. \u00fcbertragene Informationen zum Betriebssystem resp. Browser. Diese Nutzungsdaten bilden die Basis f\u00fcr statistische, anonyme Auswertungen, so dass Trends erkennbar sind, anhand derer wir unsere Angebote entsprechend verbessern k\u00f6nnen.<\/h6>\n<\/div>\n<h5><\/h5>\n<h5>Quelle<\/h5>\n<div class=\"impressum\">\n<h6>Dieses Impressum wurde am <strong>06.07.2016<\/strong> mit dem Impressum-Generator <strong><a href=\"http:\/\/www.bag.ch\/impressum-generator\">http:\/\/www.bag.ch\/impressum-generator<\/a><\/strong> der Firma Brunner Medien AG, Druck und Medien, in Kriens erstellt. Die Brunner Medien AG, Druck und Medien, in Kriens \u00fcbernimmt keine Haftung.<\/h6>\n<p style=\"visibility: hidden;\">\n<\/div>\n<p><\/p>","protected":false},"excerpt":{"rendered":"<p>Kontaktadresse SPW Management AG Bahnhofstrasse 43 8001 Z\u00fcrich Schweiz &nbsp; Vertretungsberechtigte Personen Werner Spichtig Gesch\u00e4ftsf\u00fchrer Alexander Henzi Verwaltungsratspr\u00e4sident &nbsp; Handelsregistereintrag Eingetragener Firmenname: SPW Management AG Nummer: CH-020.3.030.229-1 Handelsregisteramt: Z\u00fcrich &nbsp; Mehrwertsteuernummer CHE-113.183.519 &nbsp; Haftungsausschluss Der Autor \u00fcbernimmt keinerlei Gew\u00e4hr hinsichtlich<\/p>\n","protected":false},"author":1,"featured_media":0,"parent":0,"menu_order":0,"comment_status":"closed","ping_status":"closed","template":"","meta":{"footnotes":""},"yoast_head":"<!-- This site is optimized with the Yoast SEO plugin v22.0 - https:\/\/yoast.com\/wordpress\/plugins\/seo\/ -->\r\n<title>Impressum | SPW Management AG<\/title>\r\n<meta name=\"robots\" content=\"index, follow, max-snippet:-1, max-image-preview:large, max-video-preview:-1\" \/>\r\n<link rel=\"canonical\" href=\"https:\/\/www.spwm.ch\/wp\/impressum\/\" \/>\r\n<meta property=\"og:locale\" content=\"de_DE\" \/>\r\n<meta property=\"og:type\" content=\"article\" \/>\r\n<meta property=\"og:title\" content=\"Impressum | SPW Management AG\" \/>\r\n<meta property=\"og:description\" content=\"Kontaktadresse SPW Management AG Bahnhofstrasse 43 8001 Z\u00fcrich Schweiz &nbsp; Vertretungsberechtigte Personen Werner Spichtig Gesch\u00e4ftsf\u00fchrer Alexander Henzi Verwaltungsratspr\u00e4sident &nbsp; Handelsregistereintrag Eingetragener Firmenname: SPW Management AG Nummer: CH-020.3.030.229-1 Handelsregisteramt: Z\u00fcrich &nbsp; Mehrwertsteuernummer CHE-113.183.519 &nbsp; Haftungsausschluss Der Autor \u00fcbernimmt keinerlei Gew\u00e4hr hinsichtlich\" \/>\r\n<meta property=\"og:url\" content=\"https:\/\/www.spwm.ch\/wp\/impressum\/\" \/>\r\n<meta property=\"og:site_name\" content=\"SPW Management AG\" \/>\r\n<meta property=\"article:publisher\" content=\"http:\/\/www.spwm.ch\/wp\" \/>\r\n<meta property=\"article:modified_time\" content=\"2020-02-04T13:48:43+00:00\" \/>\r\n<meta name=\"twitter:card\" content=\"summary_large_image\" \/>\r\n<meta name=\"twitter:label1\" content=\"Gesch\u00e4tzte Lesezeit\" \/>\n\t<meta name=\"twitter:data1\" content=\"4 Minuten\" \/>\r\n<script type=\"application\/ld+json\" class=\"yoast-schema-graph\">{\"@context\":\"https:\/\/schema.org\",\"@graph\":[{\"@type\":\"WebPage\",\"@id\":\"https:\/\/www.spwm.ch\/wp\/impressum\/\",\"url\":\"https:\/\/www.spwm.ch\/wp\/impressum\/\",\"name\":\"Impressum | SPW Management AG\",\"isPartOf\":{\"@id\":\"https:\/\/www.spwm.ch\/wp\/#website\"},\"datePublished\":\"2016-04-21T21:18:19+00:00\",\"dateModified\":\"2020-02-04T13:48:43+00:00\",\"breadcrumb\":{\"@id\":\"https:\/\/www.spwm.ch\/wp\/impressum\/#breadcrumb\"},\"inLanguage\":\"de-DE\",\"potentialAction\":[{\"@type\":\"ReadAction\",\"target\":[[\"https:\/\/www.spwm.ch\/wp\/impressum\/\"]]}]},{\"@type\":\"BreadcrumbList\",\"@id\":\"https:\/\/www.spwm.ch\/wp\/impressum\/#breadcrumb\",\"itemListElement\":[{\"@type\":\"ListItem\",\"position\":1,\"name\":\"Startseite\",\"item\":\"https:\/\/www.spwm.ch\/wp\/\"},{\"@type\":\"ListItem\",\"position\":2,\"name\":\"Impressum\"}]},{\"@type\":\"WebSite\",\"@id\":\"https:\/\/www.spwm.ch\/wp\/#website\",\"url\":\"https:\/\/www.spwm.ch\/wp\/\",\"name\":\"SPW Management AG\",\"description\":\"\",\"publisher\":{\"@id\":\"https:\/\/www.spwm.ch\/wp\/#organization\"},\"potentialAction\":[{\"@type\":\"SearchAction\",\"target\":{\"@type\":\"EntryPoint\",\"urlTemplate\":\"https:\/\/www.spwm.ch\/wp\/?s={search_term_string}\"},\"query-input\":\"required name=search_term_string\"}],\"inLanguage\":\"de-DE\"},{\"@type\":\"Organization\",\"@id\":\"https:\/\/www.spwm.ch\/wp\/#organization\",\"name\":\"SPW Management\",\"url\":\"https:\/\/www.spwm.ch\/wp\/\",\"logo\":{\"@type\":\"ImageObject\",\"inLanguage\":\"de-DE\",\"@id\":\"https:\/\/www.spwm.ch\/wp\/#\/schema\/logo\/image\/\",\"url\":\"http:\/\/www.spwm.ch\/wp\/wp-content\/uploads\/2016\/04\/spw_logo_4c.png\",\"contentUrl\":\"http:\/\/www.spwm.ch\/wp\/wp-content\/uploads\/2016\/04\/spw_logo_4c.png\",\"width\":309,\"height\":122,\"caption\":\"SPW Management\"},\"image\":{\"@id\":\"https:\/\/www.spwm.ch\/wp\/#\/schema\/logo\/image\/\"},\"sameAs\":[\"http:\/\/www.spwm.ch\/wp\"]}]}<\/script>\r\n<!-- \/ Yoast SEO plugin. -->","yoast_head_json":{"title":"Impressum | SPW Management AG","robots":{"index":"index","follow":"follow","max-snippet":"max-snippet:-1","max-image-preview":"max-image-preview:large","max-video-preview":"max-video-preview:-1"},"canonical":"https:\/\/www.spwm.ch\/wp\/impressum\/","og_locale":"de_DE","og_type":"article","og_title":"Impressum | SPW Management AG","og_description":"Kontaktadresse SPW Management AG Bahnhofstrasse 43 8001 Z\u00fcrich Schweiz &nbsp; Vertretungsberechtigte Personen Werner Spichtig Gesch\u00e4ftsf\u00fchrer Alexander Henzi Verwaltungsratspr\u00e4sident &nbsp; Handelsregistereintrag Eingetragener Firmenname: SPW Management AG Nummer: CH-020.3.030.229-1 Handelsregisteramt: Z\u00fcrich &nbsp; Mehrwertsteuernummer CHE-113.183.519 &nbsp; Haftungsausschluss Der Autor \u00fcbernimmt keinerlei Gew\u00e4hr hinsichtlich","og_url":"https:\/\/www.spwm.ch\/wp\/impressum\/","og_site_name":"SPW Management AG","article_publisher":"http:\/\/www.spwm.ch\/wp","article_modified_time":"2020-02-04T13:48:43+00:00","twitter_card":"summary_large_image","twitter_misc":{"Gesch\u00e4tzte Lesezeit":"4 Minuten"},"schema":{"@context":"https:\/\/schema.org","@graph":[{"@type":"WebPage","@id":"https:\/\/www.spwm.ch\/wp\/impressum\/","url":"https:\/\/www.spwm.ch\/wp\/impressum\/","name":"Impressum | SPW Management AG","isPartOf":{"@id":"https:\/\/www.spwm.ch\/wp\/#website"},"datePublished":"2016-04-21T21:18:19+00:00","dateModified":"2020-02-04T13:48:43+00:00","breadcrumb":{"@id":"https:\/\/www.spwm.ch\/wp\/impressum\/#breadcrumb"},"inLanguage":"de-DE","potentialAction":[{"@type":"ReadAction","target":[["https:\/\/www.spwm.ch\/wp\/impressum\/"]]}]},{"@type":"BreadcrumbList","@id":"https:\/\/www.spwm.ch\/wp\/impressum\/#breadcrumb","itemListElement":[{"@type":"ListItem","position":1,"name":"Startseite","item":"https:\/\/www.spwm.ch\/wp\/"},{"@type":"ListItem","position":2,"name":"Impressum"}]},{"@type":"WebSite","@id":"https:\/\/www.spwm.ch\/wp\/#website","url":"https:\/\/www.spwm.ch\/wp\/","name":"SPW Management AG","description":"","publisher":{"@id":"https:\/\/www.spwm.ch\/wp\/#organization"},"potentialAction":[{"@type":"SearchAction","target":{"@type":"EntryPoint","urlTemplate":"https:\/\/www.spwm.ch\/wp\/?s={search_term_string}"},"query-input":"required name=search_term_string"}],"inLanguage":"de-DE"},{"@type":"Organization","@id":"https:\/\/www.spwm.ch\/wp\/#organization","name":"SPW Management","url":"https:\/\/www.spwm.ch\/wp\/","logo":{"@type":"ImageObject","inLanguage":"de-DE","@id":"https:\/\/www.spwm.ch\/wp\/#\/schema\/logo\/image\/","url":"http:\/\/www.spwm.ch\/wp\/wp-content\/uploads\/2016\/04\/spw_logo_4c.png","contentUrl":"http:\/\/www.spwm.ch\/wp\/wp-content\/uploads\/2016\/04\/spw_logo_4c.png","width":309,"height":122,"caption":"SPW Management"},"image":{"@id":"https:\/\/www.spwm.ch\/wp\/#\/schema\/logo\/image\/"},"sameAs":["http:\/\/www.spwm.ch\/wp"]}]}},"_links":{"self":[{"href":"https:\/\/www.spwm.ch\/wp\/wp-json\/wp\/v2\/pages\/46"}],"collection":[{"href":"https:\/\/www.spwm.ch\/wp\/wp-json\/wp\/v2\/pages"}],"about":[{"href":"https:\/\/www.spwm.ch\/wp\/wp-json\/wp\/v2\/types\/page"}],"author":[{"embeddable":true,"href":"https:\/\/www.spwm.ch\/wp\/wp-json\/wp\/v2\/users\/1"}],"replies":[{"embeddable":true,"href":"https:\/\/www.spwm.ch\/wp\/wp-json\/wp\/v2\/comments?post=46"}],"version-history":[{"count":28,"href":"https:\/\/www.spwm.ch\/wp\/wp-json\/wp\/v2\/pages\/46\/revisions"}],"predecessor-version":[{"id":816,"href":"https:\/\/www.spwm.ch\/wp\/wp-json\/wp\/v2\/pages\/46\/revisions\/816"}],"wp:attachment":[{"href":"https:\/\/www.spwm.ch\/wp\/wp-json\/wp\/v2\/media?parent=46"}],"curies":[{"name":"wp","href":"https:\/\/api.w.org\/{rel}","templated":true}]}}