{"id":336,"date":"2017-01-18T14:54:30","date_gmt":"2017-01-18T14:54:30","guid":{"rendered":"http:\/\/www.spwm.ch\/wp\/?page_id=336"},"modified":"2017-07-27T10:42:33","modified_gmt":"2017-07-27T10:42:33","slug":"monitoring","status":"publish","type":"page","link":"https:\/\/www.spwm.ch\/wp\/monitoring\/","title":{"rendered":"\u00dcberwachung"},"content":{"rendered":"<p><\/p>\n<h1 style=\"text-align: center;\">\u00dcberwachung<\/h1>\n<p style=\"text-align: center;\">Die SPW Management AG \u00fcberwacht\u00a0Ihre Mandate und Portfolios. Wir verschaffen Ihnen einen gesamtheitlichen \u00dcberblick \u00fcber Ihre Verm\u00f6gensstruktur und zeigen in der Folge Schwachstellen und Optimierungsm\u00f6glichkeiten auf. Wir rapportieren in regelm\u00e4ssigen Zeitabst\u00e4nden an Sie.<\/p>\n<h6 style=\"text-align: center;\"><a href=\"https:\/\/www.spwm.ch\/wp\/dienstleistungen\/\">zur\u00fcck zu Dienstleistungen<\/a><\/h6>\n<p><\/p>","protected":false},"excerpt":{"rendered":"<p>\u00dcberwachung Die SPW Management AG \u00fcberwacht\u00a0Ihre Mandate und Portfolios. Wir verschaffen Ihnen einen gesamtheitlichen \u00dcberblick \u00fcber Ihre Verm\u00f6gensstruktur und zeigen in der Folge Schwachstellen und Optimierungsm\u00f6glichkeiten auf. Wir rapportieren in regelm\u00e4ssigen Zeitabst\u00e4nden an Sie. zur\u00fcck zu Dienstleistungen<\/p>\n","protected":false},"author":1,"featured_media":0,"parent":0,"menu_order":0,"comment_status":"closed","ping_status":"closed","template":"","meta":{"footnotes":""},"yoast_head":"<!-- This site is optimized with the Yoast SEO plugin v22.0 - https:\/\/yoast.com\/wordpress\/plugins\/seo\/ -->\r\n<title>\u00dcberwachung | SPW Management AG<\/title>\r\n<meta name=\"robots\" content=\"index, follow, max-snippet:-1, max-image-preview:large, max-video-preview:-1\" \/>\r\n<link rel=\"canonical\" href=\"https:\/\/www.spwm.ch\/wp\/monitoring\/\" \/>\r\n<meta property=\"og:locale\" content=\"de_DE\" \/>\r\n<meta property=\"og:type\" content=\"article\" \/>\r\n<meta property=\"og:title\" content=\"\u00dcberwachung | SPW Management AG\" \/>\r\n<meta property=\"og:description\" content=\"\u00dcberwachung Die SPW Management AG \u00fcberwacht\u00a0Ihre Mandate und Portfolios. Wir verschaffen Ihnen einen gesamtheitlichen \u00dcberblick \u00fcber Ihre Verm\u00f6gensstruktur und zeigen in der Folge Schwachstellen und Optimierungsm\u00f6glichkeiten auf. Wir rapportieren in regelm\u00e4ssigen Zeitabst\u00e4nden an Sie. zur\u00fcck zu Dienstleistungen\" \/>\r\n<meta property=\"og:url\" content=\"https:\/\/www.spwm.ch\/wp\/monitoring\/\" \/>\r\n<meta property=\"og:site_name\" content=\"SPW Management AG\" \/>\r\n<meta property=\"article:publisher\" content=\"http:\/\/www.spwm.ch\/wp\" \/>\r\n<meta property=\"article:modified_time\" content=\"2017-07-27T10:42:33+00:00\" \/>\r\n<meta name=\"twitter:card\" content=\"summary_large_image\" \/>\r\n<script type=\"application\/ld+json\" class=\"yoast-schema-graph\">{\"@context\":\"https:\/\/schema.org\",\"@graph\":[{\"@type\":\"WebPage\",\"@id\":\"https:\/\/www.spwm.ch\/wp\/monitoring\/\",\"url\":\"https:\/\/www.spwm.ch\/wp\/monitoring\/\",\"name\":\"\u00dcberwachung | SPW Management AG\",\"isPartOf\":{\"@id\":\"https:\/\/www.spwm.ch\/wp\/#website\"},\"datePublished\":\"2017-01-18T14:54:30+00:00\",\"dateModified\":\"2017-07-27T10:42:33+00:00\",\"breadcrumb\":{\"@id\":\"https:\/\/www.spwm.ch\/wp\/monitoring\/#breadcrumb\"},\"inLanguage\":\"de-DE\",\"potentialAction\":[{\"@type\":\"ReadAction\",\"target\":[[\"https:\/\/www.spwm.ch\/wp\/monitoring\/\"]]}]},{\"@type\":\"BreadcrumbList\",\"@id\":\"https:\/\/www.spwm.ch\/wp\/monitoring\/#breadcrumb\",\"itemListElement\":[{\"@type\":\"ListItem\",\"position\":1,\"name\":\"Startseite\",\"item\":\"https:\/\/www.spwm.ch\/wp\/\"},{\"@type\":\"ListItem\",\"position\":2,\"name\":\"\u00dcberwachung\"}]},{\"@type\":\"WebSite\",\"@id\":\"https:\/\/www.spwm.ch\/wp\/#website\",\"url\":\"https:\/\/www.spwm.ch\/wp\/\",\"name\":\"SPW Management AG\",\"description\":\"\",\"publisher\":{\"@id\":\"https:\/\/www.spwm.ch\/wp\/#organization\"},\"potentialAction\":[{\"@type\":\"SearchAction\",\"target\":{\"@type\":\"EntryPoint\",\"urlTemplate\":\"https:\/\/www.spwm.ch\/wp\/?s={search_term_string}\"},\"query-input\":\"required name=search_term_string\"}],\"inLanguage\":\"de-DE\"},{\"@type\":\"Organization\",\"@id\":\"https:\/\/www.spwm.ch\/wp\/#organization\",\"name\":\"SPW Management\",\"url\":\"https:\/\/www.spwm.ch\/wp\/\",\"logo\":{\"@type\":\"ImageObject\",\"inLanguage\":\"de-DE\",\"@id\":\"https:\/\/www.spwm.ch\/wp\/#\/schema\/logo\/image\/\",\"url\":\"http:\/\/www.spwm.ch\/wp\/wp-content\/uploads\/2016\/04\/spw_logo_4c.png\",\"contentUrl\":\"http:\/\/www.spwm.ch\/wp\/wp-content\/uploads\/2016\/04\/spw_logo_4c.png\",\"width\":309,\"height\":122,\"caption\":\"SPW Management\"},\"image\":{\"@id\":\"https:\/\/www.spwm.ch\/wp\/#\/schema\/logo\/image\/\"},\"sameAs\":[\"http:\/\/www.spwm.ch\/wp\"]}]}<\/script>\r\n<!-- \/ Yoast SEO plugin. -->","yoast_head_json":{"title":"\u00dcberwachung | SPW Management AG","robots":{"index":"index","follow":"follow","max-snippet":"max-snippet:-1","max-image-preview":"max-image-preview:large","max-video-preview":"max-video-preview:-1"},"canonical":"https:\/\/www.spwm.ch\/wp\/monitoring\/","og_locale":"de_DE","og_type":"article","og_title":"\u00dcberwachung | SPW Management AG","og_description":"\u00dcberwachung Die SPW Management AG \u00fcberwacht\u00a0Ihre Mandate und Portfolios. Wir verschaffen Ihnen einen gesamtheitlichen \u00dcberblick \u00fcber Ihre Verm\u00f6gensstruktur und zeigen in der Folge Schwachstellen und Optimierungsm\u00f6glichkeiten auf. Wir rapportieren in regelm\u00e4ssigen Zeitabst\u00e4nden an Sie. zur\u00fcck zu Dienstleistungen","og_url":"https:\/\/www.spwm.ch\/wp\/monitoring\/","og_site_name":"SPW Management AG","article_publisher":"http:\/\/www.spwm.ch\/wp","article_modified_time":"2017-07-27T10:42:33+00:00","twitter_card":"summary_large_image","schema":{"@context":"https:\/\/schema.org","@graph":[{"@type":"WebPage","@id":"https:\/\/www.spwm.ch\/wp\/monitoring\/","url":"https:\/\/www.spwm.ch\/wp\/monitoring\/","name":"\u00dcberwachung | SPW Management AG","isPartOf":{"@id":"https:\/\/www.spwm.ch\/wp\/#website"},"datePublished":"2017-01-18T14:54:30+00:00","dateModified":"2017-07-27T10:42:33+00:00","breadcrumb":{"@id":"https:\/\/www.spwm.ch\/wp\/monitoring\/#breadcrumb"},"inLanguage":"de-DE","potentialAction":[{"@type":"ReadAction","target":[["https:\/\/www.spwm.ch\/wp\/monitoring\/"]]}]},{"@type":"BreadcrumbList","@id":"https:\/\/www.spwm.ch\/wp\/monitoring\/#breadcrumb","itemListElement":[{"@type":"ListItem","position":1,"name":"Startseite","item":"https:\/\/www.spwm.ch\/wp\/"},{"@type":"ListItem","position":2,"name":"\u00dcberwachung"}]},{"@type":"WebSite","@id":"https:\/\/www.spwm.ch\/wp\/#website","url":"https:\/\/www.spwm.ch\/wp\/","name":"SPW Management AG","description":"","publisher":{"@id":"https:\/\/www.spwm.ch\/wp\/#organization"},"potentialAction":[{"@type":"SearchAction","target":{"@type":"EntryPoint","urlTemplate":"https:\/\/www.spwm.ch\/wp\/?s={search_term_string}"},"query-input":"required name=search_term_string"}],"inLanguage":"de-DE"},{"@type":"Organization","@id":"https:\/\/www.spwm.ch\/wp\/#organization","name":"SPW Management","url":"https:\/\/www.spwm.ch\/wp\/","logo":{"@type":"ImageObject","inLanguage":"de-DE","@id":"https:\/\/www.spwm.ch\/wp\/#\/schema\/logo\/image\/","url":"http:\/\/www.spwm.ch\/wp\/wp-content\/uploads\/2016\/04\/spw_logo_4c.png","contentUrl":"http:\/\/www.spwm.ch\/wp\/wp-content\/uploads\/2016\/04\/spw_logo_4c.png","width":309,"height":122,"caption":"SPW Management"},"image":{"@id":"https:\/\/www.spwm.ch\/wp\/#\/schema\/logo\/image\/"},"sameAs":["http:\/\/www.spwm.ch\/wp"]}]}},"_links":{"self":[{"href":"https:\/\/www.spwm.ch\/wp\/wp-json\/wp\/v2\/pages\/336"}],"collection":[{"href":"https:\/\/www.spwm.ch\/wp\/wp-json\/wp\/v2\/pages"}],"about":[{"href":"https:\/\/www.spwm.ch\/wp\/wp-json\/wp\/v2\/types\/page"}],"author":[{"embeddable":true,"href":"https:\/\/www.spwm.ch\/wp\/wp-json\/wp\/v2\/users\/1"}],"replies":[{"embeddable":true,"href":"https:\/\/www.spwm.ch\/wp\/wp-json\/wp\/v2\/comments?post=336"}],"version-history":[{"count":11,"href":"https:\/\/www.spwm.ch\/wp\/wp-json\/wp\/v2\/pages\/336\/revisions"}],"predecessor-version":[{"id":707,"href":"https:\/\/www.spwm.ch\/wp\/wp-json\/wp\/v2\/pages\/336\/revisions\/707"}],"wp:attachment":[{"href":"https:\/\/www.spwm.ch\/wp\/wp-json\/wp\/v2\/media?parent=336"}],"curies":[{"name":"wp","href":"https:\/\/api.w.org\/{rel}","templated":true}]}}